{"id":996,"date":"2019-10-04T09:35:51","date_gmt":"2019-10-04T06:35:51","guid":{"rendered":"https:\/\/www.creteprivateguide.com\/our-story\/"},"modified":"2020-01-27T16:16:57","modified_gmt":"2020-01-27T14:16:57","slug":"notre-histoire","status":"publish","type":"page","link":"https:\/\/www.creteprivateguide.com\/fr\/notre-histoire\/","title":{"rendered":"Notre histoire"},"content":{"rendered":"<p>[vc_row full_width=&#8221;stretch_row_content&#8221; equal_height=&#8221;yes&#8221; css=&#8221;.vc_custom_1576518124704{margin-top: 0px !important;padding-top: 180px !important;padding-bottom: 180px !important;background-image: url(https:\/\/www.creteprivateguide.com\/wp-content\/uploads\/2019\/10\/hero-OB-Our-Story.jpg?id=428) !important;background-position: center !important;background-repeat: no-repeat !important;background-size: cover !important;}&#8221; el_class=&#8221;story-row00&#8243;][vc_column][\/vc_column][\/vc_row][vc_row disable_element=&#8221;yes&#8221; css=&#8221;.vc_custom_1580134590227{margin-bottom: 15px !important;}&#8221; el_class=&#8221;story-row01&#8243;][vc_column]<div id=\"ultimate-heading-61056a0960d14b087\" class=\"uvc-heading ult-adjust-bottom-margin ultimate-heading-61056a0960d14b087 uvc-8722 story-head\" data-hspacer=\"line_only\"  data-halign=\"center\" style=\"text-align:center\"><div class=\"uvc-main-heading ult-responsive\"  data-ultimate-target='.uvc-heading.ultimate-heading-61056a0960d14b087 h1'  data-responsive-json-new='{\"font-size\":\"\",\"line-height\":\"\"}' ><h1 style=\"font-weight:normal;\">Notre histoire<\/h1><\/div><div class=\"uvc-heading-spacer line_only\" style=\"topheight:5px;\"><span class=\"uvc-headings-line\" style=\"border-style:solid;border-bottom-width:5px;border-color:#6f810e;width:150px;\"><\/span><\/div><\/div>[\/vc_column][\/vc_row][vc_row css=&#8221;.vc_custom_1576518436626{margin-bottom: 15px !important;}&#8221; el_class=&#8221;story-row02&#8243;][vc_column][vc_column_text el_class=&#8221;story-txt&#8221;]<strong>Crete Private Guide<\/strong> est une \u00e9quipe de guides professionnels, passionn\u00e9s de l\u2019\u00eele. Notre mission est de cr\u00e9er, recommander et organiser des circuits personnalis\u00e9s sur l\u2019\u00eele de Cr\u00e8te. Notre objectif et priorit\u00e9 est de cr\u00e9er des excursions uniques et inoubliables sur une journ\u00e9e ou plus pour ceux qui veulent d\u00e9couvrir la <strong>r\u00e9alit\u00e9 de la Cr\u00e8te<\/strong>.<br \/>\n<strong>En tant qu\u2019experts<\/strong>, nous pouvons adapter la d\u00e9couverte de l\u2019\u00eele \u00e0 vos go\u00fbts, centres d\u2019int\u00e9r\u00eats et besoins, et ainsi \u00e9laborer une exp\u00e9rience unique et personnalis\u00e9e. Nous vous \u00e9coutons, nous vous conseillons, et nous organisons des circuits adapt\u00e9s \u00e0 vos besoins.<br \/>\nNotre but est d\u2019assister les visiteurs qui veulent aller au-del\u00e0 d\u2019une connaissance superficielle et ainsi d\u00e9couvrir la v\u00e9ritable \u00e2me de la Cr\u00e8te. Nous vous apporterons un incroyable mix de go\u00fbts, sons et attractions <strong>calibr\u00e9s \u00e0 vos d\u00e9sirs<\/strong>.[\/vc_column_text][\/vc_column][\/vc_row]<\/p>\n","protected":false},"excerpt":{"rendered":"<p>[vc_row full_width=&#8221;stretch_row_content&#8221; equal_height=&#8221;yes&#8221; css=&#8221;.vc_custom_1576518124704{margin-top: 0px !important;padding-top: 180px !important;padding-bottom: 180px !important;background-image: url(https:\/\/www.creteprivateguide.com\/wp-content\/uploads\/2019\/10\/hero-OB-Our-Story.jpg?id=428) !important;background-position: center !important;background-repeat: no-repeat !important;background-size: cover !important;}&#8221; el_class=&#8221;story-row00&#8243;][vc_column][\/vc_column][\/vc_row][vc_row disable_element=&#8221;yes&#8221; css=&#8221;.vc_custom_1580134590227{margin-bottom: 15px !important;}&#8221; el_class=&#8221;story-row01&#8243;][vc_column][\/vc_column][\/vc_row][vc_row css=&#8221;.vc_custom_1576518436626{margin-bottom: 15px<span class=\"excerpt-hellip\"> [\u2026]<\/span><\/p>\n","protected":false},"author":1,"featured_media":0,"parent":0,"menu_order":0,"comment_status":"closed","ping_status":"closed","template":"","meta":{"_seopress_robots_primary_cat":"","_seopress_titles_title":"","_seopress_titles_desc":"","_seopress_robots_index":"","footnotes":""},"class_list":["post-996","page","type-page","status-publish","hentry"],"_links":{"self":[{"href":"https:\/\/www.creteprivateguide.com\/fr\/wp-json\/wp\/v2\/pages\/996","targetHints":{"allow":["GET"]}}],"collection":[{"href":"https:\/\/www.creteprivateguide.com\/fr\/wp-json\/wp\/v2\/pages"}],"about":[{"href":"https:\/\/www.creteprivateguide.com\/fr\/wp-json\/wp\/v2\/types\/page"}],"author":[{"embeddable":true,"href":"https:\/\/www.creteprivateguide.com\/fr\/wp-json\/wp\/v2\/users\/1"}],"replies":[{"embeddable":true,"href":"https:\/\/www.creteprivateguide.com\/fr\/wp-json\/wp\/v2\/comments?post=996"}],"version-history":[{"count":0,"href":"https:\/\/www.creteprivateguide.com\/fr\/wp-json\/wp\/v2\/pages\/996\/revisions"}],"wp:attachment":[{"href":"https:\/\/www.creteprivateguide.com\/fr\/wp-json\/wp\/v2\/media?parent=996"}],"curies":[{"name":"wp","href":"https:\/\/api.w.org\/{rel}","templated":true}]}}