{"id":969,"date":"2019-09-06T14:47:22","date_gmt":"2019-09-06T11:47:22","guid":{"rendered":"https:\/\/www.creteprivateguide.com\/home\/"},"modified":"2021-05-25T16:10:05","modified_gmt":"2021-05-25T13:10:05","slug":"home","status":"publish","type":"page","link":"https:\/\/www.creteprivateguide.com\/fr\/","title":{"rendered":"Accueil"},"content":{"rendered":"<p>[vc_row full_width=&#8221;stretch_row&#8221; bg_type=&#8221;image&#8221; parallax_style=&#8221;vcpb-default&#8221; bg_image_new=&#8221;id^38|url^https:\/\/www.creteprivateguide.com\/wp-content\/uploads\/2019\/09\/test2.jpg|caption^null|alt^null|title^test2|description^null&#8221; bg_image_repeat=&#8221;no-repeat&#8221; bg_image_size=&#8221;contain&#8221; bg_override=&#8221;full&#8221; el_class=&#8221;home-row01&#8243; css=&#8221;.vc_custom_1568187455702{padding-top: 200px !important;padding-bottom: 200px !important;}&#8221;][vc_column][vc_column_text el_class=&#8221;homeabout justified-txt&#8221;]<\/p>\n<h1>Bienvenue <span class=\"text01\">CRETE PRIVATE GUIDE<\/span><\/h1>\n<p>Crete Private Guide est n\u00e9 de notre amour pour la Cr\u00e8te et de notre souhait de partager cette passion.<\/p>\n<p>Les ma\u00eetres-mots de notre entreprise sont: la responsabilit\u00e9, le soin apport\u00e9 \u00e0 nos clients, et la passion.<\/p>\n<p>Nous nous adressons aux voyageurs qui veulent d\u00e9couvrir le vrai et authentique visage de cette \u00eele magnifique.<\/p>\n<p>Laissez-vous guider pour une d\u00e9couverte de splendides paysages et pour d\u00e9guster les sp\u00e9cialit\u00e9s traditionnelles.<\/p>\n<p>D\u00e9couvrez et appr\u00e9ciez la culture cr\u00e9toise de l\u2019hospitalit\u00e9 ainsi que la mythologie et l\u2019histoire.<\/p>\n<p><a class=\"btnreadmore\" href=\"https:\/\/www.creteprivateguide.com\/fr\/nos-circuits-decouverte\/\">R\u00e9servez un circuit-d\u00e9couverte<\/a>[\/vc_column_text][\/vc_column][\/vc_row][vc_row full_width=&#8221;stretch_row_content_no_spaces&#8221; equal_height=&#8221;yes&#8221; el_class=&#8221;row1homepage&#8221; css=&#8221;.vc_custom_1578596917733{margin-bottom: 0px !important;}&#8221;][vc_column css=&#8221;.vc_custom_1580195890636{background-image: url(https:\/\/www.creteprivateguide.com\/wp-content\/uploads\/2020\/01\/new-home-personalized-banner-FR.jpg?id=1496) !important;background-position: center !important;background-repeat: no-repeat !important;background-size: cover !important;}&#8221; el_class=&#8221;farosheight&#8221; offset=&#8221;vc_col-lg-6 vc_col-md-12&#8243;][\/vc_column][vc_column css=&#8221;.vc_custom_1578911342220{padding-top: 50px !important;background-image: url(https:\/\/www.creteprivateguide.com\/wp-content\/uploads\/2019\/09\/puxuda.png?id=55) !important;background-position: center !important;background-repeat: no-repeat !important;background-size: contain !important;}&#8221; el_class=&#8221;row1homepage-col01&#8243; offset=&#8221;vc_col-lg-6 vc_col-md-12&#8243;]<div id=\"ultimate-heading-73176a091343d0e5b\" class=\"uvc-heading ult-adjust-bottom-margin ultimate-heading-73176a091343d0e5b uvc-1900 row1textwidth row1h1\" data-hspacer=\"line_only\"  data-halign=\"left\" style=\"text-align:left\"><div class=\"uvc-main-heading ult-responsive\"  data-ultimate-target='.uvc-heading.ultimate-heading-73176a091343d0e5b h2'  data-responsive-json-new='{\"font-size\":\"\",\"line-height\":\"\"}' ><h2 style=\"font-weight:normal;color:#6e810d;\">Aventure personnalis\u00e9e<\/h2><\/div><div class=\"uvc-heading-spacer line_only\" style=\"topheight:3px;\"><span class=\"uvc-headings-line\" style=\"border-style:solid;border-bottom-width:3px;border-color:#6f810e;width:150px;\"><\/span><\/div><\/div><div id=\"ultimate-heading-38616a091343d0eae\" class=\"uvc-heading ult-adjust-bottom-margin ultimate-heading-38616a091343d0eae uvc-4623 row1textwidth row1h1mob hometext justified-txt\" data-hspacer=\"no_spacer\"  data-halign=\"left\" style=\"text-align:left\"><div class=\"uvc-heading-spacer no_spacer\" style=\"top\"><\/div><div class=\"uvc-sub-heading ult-responsive\"  data-ultimate-target='.uvc-heading.ultimate-heading-38616a091343d0eae .uvc-sub-heading '  data-responsive-json-new='{\"font-size\":\"desktop:15px;\",\"line-height\":\"desktop:25px;\"}'  style=\"font-weight:normal;\">\u00abAventure personnalis\u00e9e\u00bb est un des services propos\u00e9 par Crete Private Guide.<\/p>\n<p>C\u2019est pour vous l\u2019occasion de demander un circuit priv\u00e9 sur mesure, parfaitement adapt\u00e9 \u00e0 vos souhaits.<\/p>\n<p>Nous prenons en compte vos demandes et faisons les recherches pour vous.<\/p>\n<p>Nous vous recommandons, vous conseillons, le circuit et les activit\u00e9s les plus adapt\u00e9s, qui feront vos vacances en Cr\u00e8te uniques et m\u00e9morables.<\/div><\/div>[vc_column_text el_class=&#8221;row1textwidth&#8221;]<a class=\"btnreadmore\" href=\"https:\/\/www.creteprivateguide.com\/fr\/aventure-personnalisee\/\">En savoir plus<\/a>[\/vc_column_text][\/vc_column][\/vc_row][vc_row full_width=&#8221;stretch_row_content_no_spaces&#8221; equal_height=&#8221;yes&#8221; el_class=&#8221;row1homepage home-tours-middle-row&#8221; css=&#8221;.vc_custom_1578596924600{margin-top: 0px !important;margin-bottom: 0px !important;}&#8221;][vc_column css=&#8221;.vc_custom_1578596806630{padding-top: 100px !important;padding-bottom: 100px !important;background-image: url(https:\/\/www.creteprivateguide.com\/wp-content\/uploads\/2019\/09\/creteprivate.png?id=99) !important;background-position: center !important;background-repeat: no-repeat !important;background-size: contain !important;}&#8221; el_class=&#8221;home-tours-middle-row-col01 row1homepage-col01&#8243; offset=&#8221;vc_col-lg-6 vc_col-md-12&#8243;]<div id=\"ultimate-heading-25376a091343d0edf\" class=\"uvc-heading ult-adjust-bottom-margin ultimate-heading-25376a091343d0edf uvc-7157 rowlasttextwidth row1h1\" data-hspacer=\"line_only\"  data-halign=\"left\" style=\"text-align:left\"><div class=\"uvc-main-heading ult-responsive\"  data-ultimate-target='.uvc-heading.ultimate-heading-25376a091343d0edf h2'  data-responsive-json-new='{\"font-size\":\"\",\"line-height\":\"\"}' ><h2 style=\"font-weight:normal;color:#6e810d;\">Circuits d\u00e9couvertes<\/h2><\/div><div class=\"uvc-heading-spacer line_only\" style=\"topheight:3px;\"><span class=\"uvc-headings-line\" style=\"border-style:solid;border-bottom-width:3px;border-color:#6f810e;width:150px;\"><\/span><\/div><\/div><div id=\"ultimate-heading-98176a091343d0f05\" class=\"uvc-heading ult-adjust-bottom-margin ultimate-heading-98176a091343d0f05 uvc-6828 rowlasttextwidth hometext row1h1mob justified-txt\" data-hspacer=\"no_spacer\"  data-halign=\"left\" style=\"text-align:left\"><div class=\"uvc-heading-spacer no_spacer\" style=\"top\"><\/div><div class=\"uvc-sub-heading ult-responsive\"  data-ultimate-target='.uvc-heading.ultimate-heading-98176a091343d0f05 .uvc-sub-heading '  data-responsive-json-new='{\"font-size\":\"desktop:15px;\",\"line-height\":\"desktop:25px;\"}'  style=\"font-weight:normal;\">D\u00e9couvrez notre s\u00e9lection d\u2019excursions \u00e0 la journ\u00e9e et choisissez entre 6 circuits, chacun d\u2019eux vous offrira un regard diff\u00e9rent sur les beaut\u00e9s de la Cr\u00e8te.<\/p>\n<p>Tous nos circuits sont soigneusement pr\u00e9par\u00e9s, pour vous montrer autant que possible chaque aspect de l\u2019\u00eele: Villes, villages, montagnes et rivages.<\/p>\n<p>Ces 6 circuits sont exclusifs, et accompagn\u00e9s par un guide comp\u00e9tent, connaisseur et passionn\u00e9.<\/p>\n<p>Suivez-nous dans la d\u00e9couverte du c\u0153ur et de l\u2019\u00e2me de la Cr\u00e8te.<\/div><\/div>[vc_column_text el_class=&#8221;rowlasttextwidth2 hometext&#8221;]<a class=\"btnreadmore\" href=\"https:\/\/www.creteprivateguide.com\/fr\/nos-circuits-decouverte\/\">En savoir plus<\/a>[\/vc_column_text][\/vc_column][vc_column css=&#8221;.vc_custom_1580195915027{background-image: url(https:\/\/www.creteprivateguide.com\/wp-content\/uploads\/2020\/01\/new-home-recommended-banner-FR.jpg?id=1498) !important;background-position: center !important;background-repeat: no-repeat !important;background-size: cover !important;}&#8221; el_class=&#8221;farosheight&#8221; offset=&#8221;vc_col-lg-6 vc_col-md-12&#8243;][\/vc_column][\/vc_row][vc_row full_width=&#8221;stretch_row_content_no_spaces&#8221; equal_height=&#8221;yes&#8221; el_class=&#8221;row1homepage&#8221; css=&#8221;.vc_custom_1578596929418{margin-top: 0px !important;}&#8221;][vc_column css=&#8221;.vc_custom_1580195928805{background-image: url(https:\/\/www.creteprivateguide.com\/wp-content\/uploads\/2020\/01\/new-home-consulting-banner-FR.jpg?id=1494) !important;background-position: center !important;background-repeat: no-repeat !important;background-size: cover !important;}&#8221; el_class=&#8221;farosheight&#8221; offset=&#8221;vc_col-lg-6 vc_col-md-12&#8243;][\/vc_column][vc_column css=&#8221;.vc_custom_1578596816692{padding-top: 100px !important;padding-bottom: 100px !important;background-image: url(https:\/\/www.creteprivateguide.com\/wp-content\/uploads\/2019\/09\/puxuda.png?id=55) !important;background-position: center !important;background-repeat: no-repeat !important;background-size: contain !important;}&#8221; el_class=&#8221;row1homepage-col01&#8243; offset=&#8221;vc_col-lg-6 vc_col-md-12&#8243;]<div id=\"ultimate-heading-2736a091343d0f2a\" class=\"uvc-heading ult-adjust-bottom-margin ultimate-heading-2736a091343d0f2a uvc-7689 row1textwidth row1h1\" data-hspacer=\"line_only\"  data-halign=\"left\" style=\"text-align:left\"><div class=\"uvc-main-heading ult-responsive\"  data-ultimate-target='.uvc-heading.ultimate-heading-2736a091343d0f2a h2'  data-responsive-json-new='{\"font-size\":\"\",\"line-height\":\"\"}' ><h2 style=\"font-weight:normal;color:#6e810d;\">Holiday Consulting<\/h2><\/div><div class=\"uvc-heading-spacer line_only\" style=\"topheight:3px;\"><span class=\"uvc-headings-line\" style=\"border-style:solid;border-bottom-width:3px;border-color:#6f810e;width:150px;\"><\/span><\/div><\/div><div id=\"ultimate-heading-80716a091343d0f4d\" class=\"uvc-heading ult-adjust-bottom-margin ultimate-heading-80716a091343d0f4d uvc-7764 row1textwidth row1h1mob hometext justified-txt\" data-hspacer=\"no_spacer\"  data-halign=\"left\" style=\"text-align:left\"><div class=\"uvc-heading-spacer no_spacer\" style=\"top\"><\/div><div class=\"uvc-sub-heading ult-responsive\"  data-ultimate-target='.uvc-heading.ultimate-heading-80716a091343d0f4d .uvc-sub-heading '  data-responsive-json-new='{\"font-size\":\"desktop:15px;\",\"line-height\":\"desktop:25px;\"}'  style=\"font-weight:normal;\"><\/p>\n<p style=\"text-align: justify;\">Holiday Consulting est un service innovant et exclusif con\u00e7u pour vous aider dans tous les moments de votre voyage en Cr\u00e8te.<\/p>\n<p>En utilisant les nouvelles technologies, et en \u00e9changeant avec nous, pour toutes vos questions et requ\u00eates au sujet de vos vacances.<\/p>\n<p>Gagnez du temps et de l\u2019argent, et \u00e9vitez les mauvaises surprises en consultant nos experts!<\/div><\/div>[vc_column_text el_class=&#8221;row1textwidth&#8221;]<a class=\"btnreadmore\" href=\"https:\/\/www.creteprivateguide.com\/fr\/holiday-consulting\/\">En savoir plus<\/a>[\/vc_column_text][\/vc_column][\/vc_row][vc_row full_width=&#8221;stretch_row&#8221; bg_type=&#8221;image&#8221; parallax_style=&#8221;vcpb-vz-jquery&#8221; bg_image_new=&#8221;id^73|url^https:\/\/www.creteprivateguide.com\/wp-content\/uploads\/2019\/09\/balos-beach-lagoon-chania-crete-27-oct-2014-1-general-fullscreen.jpg|caption^null|alt^null|title^balos-beach-lagoon-chania-crete-27-oct-2014-1-general-fullscreen|description^null&#8221; bg_image_repeat=&#8221;no-repeat&#8221; bg_image_size=&#8221;initial&#8221; bg_override=&#8221;full&#8221; css=&#8221;.vc_custom_1568196958700{padding-top: 200px !important;padding-bottom: 200px !important;}&#8221;][vc_column][vc_column_text]<\/p>\n<h2 style=\"text-align: center; font-size: 45px; line-height: 50px;\"><span style=\"color: #ffffff;\">Inspirez-vous de notre s\u00e9lection d&#8217;excursions<\/span><\/h2>\n<p>[\/vc_column_text][\/vc_column][\/vc_row]<\/p>\n","protected":false},"excerpt":{"rendered":"<p>[vc_row full_width=&#8221;stretch_row&#8221; bg_type=&#8221;image&#8221; parallax_style=&#8221;vcpb-default&#8221; bg_image_new=&#8221;id^38|url^https:\/\/www.creteprivateguide.com\/wp-content\/uploads\/2019\/09\/test2.jpg|caption^null|alt^null|title^test2|description^null&#8221; bg_image_repeat=&#8221;no-repeat&#8221; bg_image_size=&#8221;contain&#8221; bg_override=&#8221;full&#8221; el_class=&#8221;home-row01&#8243; css=&#8221;.vc_custom_1568187455702{padding-top: 200px !important;padding-bottom: 200px !important;}&#8221;][vc_column][vc_column_text el_class=&#8221;homeabout justified-txt&#8221;] Bienvenue CRETE PRIVATE GUIDE Crete Private Guide est n\u00e9 de<span class=\"excerpt-hellip\"> [\u2026]<\/span><\/p>\n","protected":false},"author":1,"featured_media":0,"parent":0,"menu_order":0,"comment_status":"closed","ping_status":"closed","template":"","meta":{"_seopress_robots_primary_cat":"","_seopress_titles_title":"Crete Private Guide - Circuits priv\u00e9s et exclusifs \u00e0 La Canee, Crete","_seopress_titles_desc":"Crete Private Guide \u00e0 La Canee sp\u00e9cialis\u00e9 dans la conception et l organisation de circuits personnalis\u00e9s et guid\u00e9s. Une immersion dans la culture et l hospitalit\u00e9 cr\u00e9toise.","_seopress_robots_index":"","footnotes":""},"class_list":["post-969","page","type-page","status-publish","hentry"],"_links":{"self":[{"href":"https:\/\/www.creteprivateguide.com\/fr\/wp-json\/wp\/v2\/pages\/969","targetHints":{"allow":["GET"]}}],"collection":[{"href":"https:\/\/www.creteprivateguide.com\/fr\/wp-json\/wp\/v2\/pages"}],"about":[{"href":"https:\/\/www.creteprivateguide.com\/fr\/wp-json\/wp\/v2\/types\/page"}],"author":[{"embeddable":true,"href":"https:\/\/www.creteprivateguide.com\/fr\/wp-json\/wp\/v2\/users\/1"}],"replies":[{"embeddable":true,"href":"https:\/\/www.creteprivateguide.com\/fr\/wp-json\/wp\/v2\/comments?post=969"}],"version-history":[{"count":4,"href":"https:\/\/www.creteprivateguide.com\/fr\/wp-json\/wp\/v2\/pages\/969\/revisions"}],"predecessor-version":[{"id":1792,"href":"https:\/\/www.creteprivateguide.com\/fr\/wp-json\/wp\/v2\/pages\/969\/revisions\/1792"}],"wp:attachment":[{"href":"https:\/\/www.creteprivateguide.com\/fr\/wp-json\/wp\/v2\/media?parent=969"}],"curies":[{"name":"wp","href":"https:\/\/api.w.org\/{rel}","templated":true}]}}