{"id":1197,"date":"2019-10-30T11:09:06","date_gmt":"2019-10-30T09:09:06","guid":{"rendered":"https:\/\/www.creteprivateguide.com\/privacy-policy\/"},"modified":"2020-03-02T22:48:16","modified_gmt":"2020-03-02T20:48:16","slug":"conditions-de-vente","status":"publish","type":"page","link":"https:\/\/www.creteprivateguide.com\/fr\/conditions-de-vente\/","title":{"rendered":"Conditions de vente"},"content":{"rendered":"<p>[vc_row full_width=&#8221;stretch_row_content&#8221; css=&#8221;.vc_custom_1572427002279{margin-top: 0px !important;padding-top: 30px !important;padding-bottom: 30px !important;}&#8221;][vc_column][\/vc_column][\/vc_row][vc_row css=&#8221;.vc_custom_1570007053441{margin-top: 30px !important;margin-bottom: 30px !important;}&#8221;][vc_column width=&#8221;1\/6&#8243;][\/vc_column][vc_column width=&#8221;2\/3&#8243;]<div id=\"ultimate-heading-85626a0914e583fe9\" class=\"uvc-heading ult-adjust-bottom-margin ultimate-heading-85626a0914e583fe9 uvc-7919 \" data-hspacer=\"line_only\"  data-halign=\"center\" style=\"text-align:center\"><div class=\"uvc-main-heading ult-responsive\"  data-ultimate-target='.uvc-heading.ultimate-heading-85626a0914e583fe9 h1'  data-responsive-json-new='{\"font-size\":\"\",\"line-height\":\"\"}' ><h1 style=\"font-weight:normal;\">Conditions de vente<\/h1><\/div><div class=\"uvc-heading-spacer line_only\" style=\"topheight:5px;\"><span class=\"uvc-headings-line\" style=\"border-style:solid;border-bottom-width:5px;border-color:#6f810e;width:150px;\"><\/span><\/div><\/div>[\/vc_column][vc_column width=&#8221;1\/6&#8243;][\/vc_column][\/vc_row][vc_row css=&#8221;.vc_custom_1570007053441{margin-top: 30px !important;margin-bottom: 30px !important;}&#8221;][vc_column width=&#8221;1\/6&#8243;][\/vc_column][vc_column width=&#8221;2\/3&#8243;][vc_column_text][ultimate_gdpr_policy_accept]<\/p>\n<p>Politique de confidentialit\u00e9<br \/>\nCette politique de confidentialit\u00e9 a \u00e9t\u00e9 \u00e9crite pour permettre de comprendre comme sont utilis\u00e9es les informations personnelles sur notre site.<br \/>\nVeuillez lire soigneusement notre politique de confidentialit\u00e9 pour comprendre comment nous collectons, utilisons et prot\u00e9geons vos donn\u00e9es personnelles sur notre site web.<\/p>\n<p>Quels sont les donn\u00e9es personnelles que nous collectons des utilisateurs qui se connectent sur notre site?<\/p>\n<p>Lorsque vous commandez, r\u00e9servez ou vous enregistrez sur notre site, vous devrez entrer votre nom, adresse, email, num\u00e9ro de t\u00e9l\u00e9phone et d\u2019autres informations n\u00e9cessaires pour votre navigation ou pour faire un achat.<\/p>\n<p>Quand collectons-nous ces informations?<\/p>\n<p>Nous collectons ces informations lorsque vous vous enregistrez sur notre site, passez une commande, demandez ou r\u00e9servez une chambre, souscrivez \u00e0 notre newsletter, remplissez un formulaire, utilisez notre Live Chat, ouvrez une session d\u2019aide en ligne ou entrez des informations sur notre site.<\/p>\n<p>Comment utilisons nous vos informations?<\/p>\n<p>Nous pouvons utiliser les informations que nous collectons lorsque vous vous enregistrez, faites un achat, vous inscrivez \u00e0 notre newsletter, faites une demande ou une r\u00e9servation, r\u00e9pondez \u00e0 une \u00e9tude ou une communication marketing, naviguez sur notre site, afin de:<br \/>\n&#8211; Personnaliser vos recherches en nous permettant de vous proposer le type de contenu le plus adapt\u00e9 \u00e0 vos centres d\u2019int\u00e9r\u00eats.<br \/>\n&#8211; Am\u00e9liorer notre site afin de mieux vous servir.<br \/>\n&#8211; Etre en mesure de vous apporter un meilleur service en fonction des demandes du service client.<br \/>\n&#8211; Rapidement traiter vos transactions<br \/>\n&#8211; Obtenir une \u00e9valuation et des commentaires de nos services et offres.<br \/>\n&#8211; Assurer un suivi (Chat, email ou communications t\u00e9l\u00e9phoniques).<\/p>\n<p>Comment prot\u00e9geons-nous vos informations?<\/p>\n<p>Notre syst\u00e8me est scann\u00e9 r\u00e9guli\u00e8rement pour d\u00e9tecter les programmes malveillants et les virus.<br \/>\nVos informations personnelles sont stock\u00e9es sur un r\u00e9seau s\u00e9curis\u00e9 et sont seulement accessibles \u00e0 un nombre limit\u00e9 de personnes habilit\u00e9es pour la maintenance du site et de sa s\u00e9curit\u00e9.<br \/>\nDe plus, tout notre site utilise la technologie d\u2019encryptage Secure Socket Layer (SSL)<\/p>\n<p>Nous appliquons aussi d\u2019autres mesures de s\u00e9curit\u00e9 (en accord avec les l\u00e9gislations de protection des donn\u00e9es) lorsqu\u2019un utilisateur passe une commande ou obtient un acc\u00e8s \u00e0 ses informations pour maintenir la s\u00e9curit\u00e9 des donn\u00e9es personnelles.<br \/>\nD\u00e9livrance d\u2019informations \u00e0 des tiers.<br \/>\nNous ne vendons pas, ne livrons pas, ne commercialisons pas et ne transf\u00e9rons pas vos donn\u00e9es \u00e0 des tiers.<br \/>\nSi la loi l\u2019exige, nous pouvons effectuer la transmission de donn\u00e9es pour donner suite aux r\u00e9clamations pr\u00e9sent\u00e9es contre notre activit\u00e9 et se conformer aux proc\u00e9dures administratives et judiciaires.<\/p>\n<p>Liens vers d\u2019autres sites:<\/p>\n<p>Occasionnellement et sur notre d\u00e9cision, nous pouvons inclure des offres et services d\u2019autres sites de prestataires sur notre site. Ces sites ont leurs propres et ind\u00e9pendantes politiques de confidentialit\u00e9. Par cons\u00e9quent, nous n\u2019avons pas la responsabilit\u00e9 de ces sites ni de leur contenu. N\u00e9anmoins, nous sommes vigilant pour prot\u00e9ger l\u2019int\u00e9grit\u00e9 de notre site et recevons tous les commentaires au sujet de ces sites.<\/p>\n<p>Google Analytics<\/p>\n<p>Nous utilisons d\u2019autres cookies (comme les cookies Google Analytics)<br \/>\nSi vous refusez la politique de Cookies pendant la visite de notre site web, le suivi Google Analytics ne fonctionnera pas (vous pouvez bloquer cette fonction lorsque vous vous enregistrez sur notre site)<\/p>\n<p>Modifications de notre politique de confidentialit\u00e9 :<\/p>\n<p>Nous pouvons de temps en temps, modifier notre Politique de confidentialit\u00e9 en publiant une nouvelle version de notre site web. Dans le cas d\u2019un changement significatif, nous vous enverrons une alerte. Nous vous encourageons \u00e0 visiter fr\u00e9quemment notre site afin d\u2019\u00eatre inform\u00e9 sur l\u2019utilisation de vos donn\u00e9es personnelles.<br \/>\nSi vous continuez de visiter notre site apr\u00e8s la publication de changements dans notre politique de confidentialit\u00e9, cela vaudra acceptation de ces modifications.<\/p>\n<p>Nous contacter<\/p>\n<p>Si vous avez des questions au sujet de notre Politique de Confidentialit\u00e9, vous pouvez nous contacter:<\/p>\n<p>Adresse:<br \/>\n12 Kyrtomados<br \/>\nChania , Crete, Grece<br \/>\n73005<br \/>\nT\u00e9l\u00e9phone:<br \/>\n+306906505872<\/p>\n<p>Email: info@creteprivateguide.com<\/p>\n<p>[ultimate_gdpr_policy_accept][\/vc_column_text][\/vc_column][vc_column width=&#8221;1\/6&#8243;][\/vc_column][\/vc_row]<\/p>\n","protected":false},"excerpt":{"rendered":"<p>[vc_row full_width=&#8221;stretch_row_content&#8221; css=&#8221;.vc_custom_1572427002279{margin-top: 0px !important;padding-top: 30px !important;padding-bottom: 30px !important;}&#8221;][vc_column][\/vc_column][\/vc_row][vc_row css=&#8221;.vc_custom_1570007053441{margin-top: 30px !important;margin-bottom: 30px !important;}&#8221;][vc_column width=&#8221;1\/6&#8243;][\/vc_column][vc_column width=&#8221;2\/3&#8243;][\/vc_column][vc_column width=&#8221;1\/6&#8243;][\/vc_column][\/vc_row][vc_row css=&#8221;.vc_custom_1570007053441{margin-top: 30px !important;margin-bottom: 30px !important;}&#8221;][vc_column width=&#8221;1\/6&#8243;][\/vc_column][vc_column width=&#8221;2\/3&#8243;][vc_column_text][ultimate_gdpr_policy_accept] Politique de<span class=\"excerpt-hellip\"> [\u2026]<\/span><\/p>\n","protected":false},"author":1,"featured_media":0,"parent":0,"menu_order":0,"comment_status":"closed","ping_status":"closed","template":"","meta":{"_seopress_robots_primary_cat":"","_seopress_titles_title":"","_seopress_titles_desc":"","_seopress_robots_index":"","footnotes":""},"class_list":["post-1197","page","type-page","status-publish","hentry"],"_links":{"self":[{"href":"https:\/\/www.creteprivateguide.com\/fr\/wp-json\/wp\/v2\/pages\/1197","targetHints":{"allow":["GET"]}}],"collection":[{"href":"https:\/\/www.creteprivateguide.com\/fr\/wp-json\/wp\/v2\/pages"}],"about":[{"href":"https:\/\/www.creteprivateguide.com\/fr\/wp-json\/wp\/v2\/types\/page"}],"author":[{"embeddable":true,"href":"https:\/\/www.creteprivateguide.com\/fr\/wp-json\/wp\/v2\/users\/1"}],"replies":[{"embeddable":true,"href":"https:\/\/www.creteprivateguide.com\/fr\/wp-json\/wp\/v2\/comments?post=1197"}],"version-history":[{"count":2,"href":"https:\/\/www.creteprivateguide.com\/fr\/wp-json\/wp\/v2\/pages\/1197\/revisions"}],"predecessor-version":[{"id":1784,"href":"https:\/\/www.creteprivateguide.com\/fr\/wp-json\/wp\/v2\/pages\/1197\/revisions\/1784"}],"wp:attachment":[{"href":"https:\/\/www.creteprivateguide.com\/fr\/wp-json\/wp\/v2\/media?parent=1197"}],"curies":[{"name":"wp","href":"https:\/\/api.w.org\/{rel}","templated":true}]}}