{"id":1085,"date":"2019-10-30T11:07:34","date_gmt":"2019-10-30T09:07:34","guid":{"rendered":"https:\/\/www.creteprivateguide.com\/cookies-policy\/"},"modified":"2020-03-02T22:41:26","modified_gmt":"2020-03-02T20:41:26","slug":"politique-de-cookies","status":"publish","type":"page","link":"https:\/\/www.creteprivateguide.com\/fr\/politique-de-cookies\/","title":{"rendered":"Politique de Cookies"},"content":{"rendered":"<p>[vc_row full_width=&#8221;stretch_row_content&#8221; css=&#8221;.vc_custom_1572427002279{margin-top: 0px !important;padding-top: 30px !important;padding-bottom: 30px !important;}&#8221;][vc_column][\/vc_column][\/vc_row][vc_row css=&#8221;.vc_custom_1570007053441{margin-top: 30px !important;margin-bottom: 30px !important;}&#8221;][vc_column width=&#8221;1\/6&#8243;][\/vc_column][vc_column width=&#8221;2\/3&#8243;]<div id=\"ultimate-heading-59246a092123af9de\" class=\"uvc-heading ult-adjust-bottom-margin ultimate-heading-59246a092123af9de uvc-8318 \" data-hspacer=\"line_only\"  data-halign=\"center\" style=\"text-align:center\"><div class=\"uvc-main-heading ult-responsive\"  data-ultimate-target='.uvc-heading.ultimate-heading-59246a092123af9de h1'  data-responsive-json-new='{\"font-size\":\"\",\"line-height\":\"\"}' ><h1 style=\"font-weight:normal;\">Politique de Cookies<\/h1><\/div><div class=\"uvc-heading-spacer line_only\" style=\"topheight:5px;\"><span class=\"uvc-headings-line\" style=\"border-style:solid;border-bottom-width:5px;border-color:#6f810e;width:150px;\"><\/span><\/div><\/div>[\/vc_column][vc_column width=&#8221;1\/6&#8243;][\/vc_column][\/vc_row][vc_row][vc_column width=&#8221;1\/6&#8243;][\/vc_column][vc_column width=&#8221;2\/3&#8243;][vc_column_text]Notre politique de cookies:<br \/>\nAfin d\u2019assurer le fonctionnement correct de notre site, nous envoyons parfois des petits fichiers sur votre ordinateur, appel\u00e9s \u00ab Cookies \u00bb.<\/p>\n<p>Qu\u2019est-ce qu\u2019un cookie ?<br \/>\nUn cookie est un petit fichier que notre site web stock sur votre ordinateur ou votre mobile lorsque vous visitez notre site. De cette mani\u00e8re notre site web enregistre votre navigation et pr\u00e9f\u00e9rences (sur une dur\u00e9e limit\u00e9e), de cette mani\u00e8re vous n\u2019avez pas \u00e0 confirmer vos pr\u00e9f\u00e9rences \u00e0 chaque fois que vous vous connectez \u00e0 notre site.<\/p>\n<p>Comment nous utilisons les cookies?<br \/>\nQuelques-unes de nos pages utilisent des cookies qui ne sont pas strictement n\u00e9cessaires pour faire fonctionner le site, mais qui am\u00e9liorent la navigation. Vous pouvez supprimer ces cookies ou les bloquer, si c\u2019est le cas, certaines fonctionnalit\u00e9s du site peuvent \u00eatre affect\u00e9es. Ces cookies sont utilis\u00e9s pour m\u00e9moriser:<br \/>\n&#8211; Vos pr\u00e9f\u00e9rences d\u2019affichage, telle que la langue de navigation, les contrastes de couleur, les tailles de caract\u00e8res, l\u2019\u00e9quipement utilis\u00e9 et les pr\u00e9f\u00e9rences de recherches et les notifications.<br \/>\n&#8211; Les visites de notre site (pour \u00e9tablir des statistiques)<br \/>\n&#8211; Les cas o\u00f9 vous acceptez (ou pas) l\u2019utilisation des cookies sur notre site.<br \/>\nAussi, si une vid\u00e9o est int\u00e9gr\u00e9e dans nos pages, celle-ci utilise ordinairement un cookie pr\u00e9vu pour donner des statistiques anonymes sur votre acc\u00e8s \u00e0 cette vid\u00e9o et les vid\u00e9os visionn\u00e9es.<\/p>\n<p>Donn\u00e9es priv\u00e9es<br \/>\nLes cookies relatifs aux informations ne sont pas utilis\u00e9s pour identifier les utilisateurs ou les informations d\u2019utilisateurs. Les cookies ne sont pas utilis\u00e9s pour d\u2019autres usages que ceux d\u00e9crits au chapitre pr\u00e9c\u00e8dent.<\/p>\n<p>Comment contr\u00f4ler les cookies:<br \/>\nVous pouvez contr\u00f4ler et\/ou supprimer les cookies \u00e0 n\u2019importe quel moment. Vous pouvez supprimer tous les cookies pr\u00e9sents sur votre ordinateur, et configure votre navigateur pour \u00e9viter que des cookies soient install\u00e9s. Cependant, dans ce cas, vous pourriez avoir \u00e0 r\u00e9gler manuellement certaines pr\u00e9f\u00e9rences lorsque vous visiter notre site, et certaines fonctionnalit\u00e9s pourraient ne pas fonctionner.<\/p>\n<p>Refus des cookies:<br \/>\nVous pouvez facilement accepter les cookies sur notre site en faisant le bon choix ou les refuser (et ne pas accepter).[\/vc_column_text][\/vc_column][vc_column width=&#8221;1\/6&#8243;][\/vc_column][\/vc_row]<\/p>\n","protected":false},"excerpt":{"rendered":"<p>[vc_row full_width=&#8221;stretch_row_content&#8221; css=&#8221;.vc_custom_1572427002279{margin-top: 0px !important;padding-top: 30px !important;padding-bottom: 30px !important;}&#8221;][vc_column][\/vc_column][\/vc_row][vc_row css=&#8221;.vc_custom_1570007053441{margin-top: 30px !important;margin-bottom: 30px !important;}&#8221;][vc_column width=&#8221;1\/6&#8243;][\/vc_column][vc_column width=&#8221;2\/3&#8243;][\/vc_column][vc_column width=&#8221;1\/6&#8243;][\/vc_column][\/vc_row][vc_row][vc_column width=&#8221;1\/6&#8243;][\/vc_column][vc_column width=&#8221;2\/3&#8243;][vc_column_text]Notre politique de cookies: Afin d\u2019assurer le fonctionnement<span class=\"excerpt-hellip\"> [\u2026]<\/span><\/p>\n","protected":false},"author":1,"featured_media":0,"parent":0,"menu_order":0,"comment_status":"closed","ping_status":"closed","template":"","meta":{"_seopress_robots_primary_cat":"","_seopress_titles_title":"","_seopress_titles_desc":"","_seopress_robots_index":"","footnotes":""},"class_list":["post-1085","page","type-page","status-publish","hentry"],"_links":{"self":[{"href":"https:\/\/www.creteprivateguide.com\/fr\/wp-json\/wp\/v2\/pages\/1085","targetHints":{"allow":["GET"]}}],"collection":[{"href":"https:\/\/www.creteprivateguide.com\/fr\/wp-json\/wp\/v2\/pages"}],"about":[{"href":"https:\/\/www.creteprivateguide.com\/fr\/wp-json\/wp\/v2\/types\/page"}],"author":[{"embeddable":true,"href":"https:\/\/www.creteprivateguide.com\/fr\/wp-json\/wp\/v2\/users\/1"}],"replies":[{"embeddable":true,"href":"https:\/\/www.creteprivateguide.com\/fr\/wp-json\/wp\/v2\/comments?post=1085"}],"version-history":[{"count":1,"href":"https:\/\/www.creteprivateguide.com\/fr\/wp-json\/wp\/v2\/pages\/1085\/revisions"}],"predecessor-version":[{"id":1783,"href":"https:\/\/www.creteprivateguide.com\/fr\/wp-json\/wp\/v2\/pages\/1085\/revisions\/1783"}],"wp:attachment":[{"href":"https:\/\/www.creteprivateguide.com\/fr\/wp-json\/wp\/v2\/media?parent=1085"}],"curies":[{"name":"wp","href":"https:\/\/api.w.org\/{rel}","templated":true}]}}