{"id":1002,"date":"2019-10-02T15:48:14","date_gmt":"2019-10-02T12:48:14","guid":{"rendered":"https:\/\/www.creteprivateguide.com\/personalised-experience\/"},"modified":"2020-01-28T14:24:56","modified_gmt":"2020-01-28T12:24:56","slug":"aventure-personnalisee","status":"publish","type":"page","link":"https:\/\/www.creteprivateguide.com\/fr\/aventure-personnalisee\/","title":{"rendered":"Aventure personnalis\u00e9e"},"content":{"rendered":"<p>[vc_row css=&#8221;.vc_custom_1570007053441{margin-top: 30px !important;margin-bottom: 30px !important;}&#8221;][vc_column]<div id=\"ultimate-heading-76336a0905f893de6\" class=\"uvc-heading ult-adjust-bottom-margin ultimate-heading-76336a0905f893de6 uvc-4841 pers-head\" data-hspacer=\"line_only\"  data-halign=\"center\" style=\"text-align:center\"><div class=\"uvc-main-heading ult-responsive\"  data-ultimate-target='.uvc-heading.ultimate-heading-76336a0905f893de6 h1'  data-responsive-json-new='{\"font-size\":\"\",\"line-height\":\"\"}' ><h1 style=\"font-weight:normal;\">Aventure personnalis\u00e9e<\/h1><\/div><div class=\"uvc-heading-spacer line_only\" style=\"topheight:5px;\"><span class=\"uvc-headings-line\" style=\"border-style:solid;border-bottom-width:5px;border-color:#6f810e;width:150px;\"><\/span><\/div><\/div>[\/vc_column][\/vc_row][vc_row full_width=&#8221;stretch_row_content&#8221; disable_element=&#8221;yes&#8221; css=&#8221;.vc_custom_1580212341747{margin-top: 0px !important;padding-top: 320px !important;padding-bottom: 320px !important;background-image: url(https:\/\/www.creteprivateguide.com\/wp-content\/uploads\/2020\/01\/creteprivate-personalized-FR.png?id=1409) !important;background-position: center !important;background-repeat: no-repeat !important;background-size: contain !important;}&#8221; el_class=&#8221;pers-background-row&#8221;][vc_column offset=&#8221;vc_hidden-md vc_hidden-sm vc_hidden-xs&#8221;][\/vc_column][\/vc_row][vc_row full_width=&#8221;stretch_row_content&#8221; css=&#8221;.vc_custom_1580212544971{margin-top: 0px !important;background-position: center !important;background-repeat: no-repeat !important;background-size: cover !important;}&#8221; el_class=&#8221;pers-image-row&#8221;][vc_column][vc_single_image image=&#8221;1582&#8243; img_size=&#8221;large&#8221; alignment=&#8221;center&#8221;][\/vc_column][\/vc_row][vc_row css=&#8221;.vc_custom_1570007053441{margin-top: 30px !important;margin-bottom: 30px !important;}&#8221;][vc_column][vc_column_text el_class=&#8221;pers-intro-txt justified-txt&#8221;]Aventure personnalis\u00e9e est un service qui vous permet d\u2019avoir un service sur mesure. Ces circuits peuvent s\u2019\u00e9tendre sur quelques heures ou une journ\u00e9e et comprennent les lieux que vous souhaitez voir! Pendant ces circuits, vous pourrez appr\u00e9cier la qualit\u00e9 de service et l\u2019assistance d\u2019un guide priv\u00e9.<\/p>\n<p>Le guide vous donnera toutes les informations, les conseils et astuces pour faire en sorte que cette journ\u00e9e soit inoubliable.<\/p>\n<p>En compl\u00e9tant le formulaire ci-dessous, vous nous aiderez \u00e0 comprendre vos souhaits, et nous pourrons cr\u00e9er un circuit exclusif pour vous. En bas du formulaire, indiquez toutes vos questions ou requ\u00eates particuli\u00e8res qui nous permettront de mieux vous servir.[\/vc_column_text][\/vc_column][\/vc_row][vc_row css=&#8221;.vc_custom_1570007053441{margin-top: 30px !important;margin-bottom: 30px !important;}&#8221;][vc_column]<div role=\"form\" class=\"wpcf7\" id=\"wpcf7-f1010-o1\" lang=\"en-US\" dir=\"ltr\">\n<div class=\"screen-reader-response\"><\/div>\n<form action=\"\/fr\/wp-json\/wp\/v2\/pages\/1002#wpcf7-f1010-o1\" method=\"post\" class=\"wpcf7-form\" novalidate=\"novalidate\">\n<div style=\"display: none;\">\n<input type=\"hidden\" name=\"_wpcf7\" value=\"1010\" \/>\n<input type=\"hidden\" name=\"_wpcf7_version\" value=\"5.1.4\" \/>\n<input type=\"hidden\" name=\"_wpcf7_locale\" value=\"en_US\" \/>\n<input type=\"hidden\" name=\"_wpcf7_unit_tag\" value=\"wpcf7-f1010-o1\" \/>\n<input type=\"hidden\" name=\"_wpcf7_container_post\" value=\"0\" \/>\n<input type=\"hidden\" name=\"_wpcf7cf_hidden_group_fields\" value=\"\" \/>\n<input type=\"hidden\" name=\"_wpcf7cf_hidden_groups\" value=\"\" \/>\n<input type=\"hidden\" name=\"_wpcf7cf_visible_groups\" value=\"\" \/>\n<input type=\"hidden\" name=\"_wpcf7cf_options\" value=\"{&quot;form_id&quot;:1010,&quot;conditions&quot;:[],&quot;settings&quot;:{&quot;animation&quot;:&quot;yes&quot;,&quot;animation_intime&quot;:200,&quot;animation_outtime&quot;:200,&quot;notice_dismissed&quot;:false}}\" \/>\n<\/div>\n<div class=\"uacf7-form-1010\">\n<div class=\"form-wrapper custom-tour-form\">\n<div class=\"clearfix\">\n<div class=\"one-second column\">\n            <label> P\u00e9riode choisie <span class=\"wpcf7-form-control-wrap t-date\"><input type=\"text\" name=\"t-date\" value=\"\" size=\"40\" class=\"wpcf7-form-control wpcf7-date\" \/> <\/span><\/label>\n        <\/div>\n<div class=\"one-second column tour-date\">\n            <label> Nom et Pr\u00e9nom (requis) <span class=\"wpcf7-form-control-wrap your-name\"><input type=\"text\" name=\"your-name\" value=\"\" size=\"40\" class=\"wpcf7-form-control wpcf7-text wpcf7-validates-as-required\" aria-required=\"true\" aria-invalid=\"false\" \/><\/span><\/label>\n        <\/div><\/div>\n<div class=\"clearfix\">\n<div class=\"one-second column\">\n            <label> Email (requis) <span class=\"wpcf7-form-control-wrap your-email\"><input type=\"email\" name=\"your-email\" value=\"\" size=\"40\" class=\"wpcf7-form-control wpcf7-text wpcf7-email wpcf7-validates-as-required wpcf7-validates-as-email\" aria-required=\"true\" aria-invalid=\"false\" \/><\/span><\/label>\n        <\/div>\n<div class=\"one-second column\">\n            <label> T\u00e9l\u00e9phone Portable (requis) <span class=\"wpcf7-form-control-wrap your-tel\"><input type=\"tel\" name=\"your-tel\" value=\"\" size=\"40\" class=\"wpcf7-form-control wpcf7-text wpcf7-tel wpcf7-validates-as-required wpcf7-validates-as-tel\" aria-required=\"true\" aria-invalid=\"false\" \/><\/span><\/label>\n        <\/div><\/div>\n<div class=\"clearfix\">\n<div class=\"one-second column persons-number\">\n<div class=\"one-third column adult-field\">\n                <label> Nombre d\u2019adultes <span class=\"wpcf7-form-control-wrap adult-num\"><select name=\"adult-num\" class=\"wpcf7-form-control wpcf7-select\" aria-invalid=\"false\"><option value=\"\"><\/option><option value=\"1\">1<\/option><option value=\"2\">2<\/option><option value=\"3\">3<\/option><option value=\"4\">4<\/option><option value=\"5\">5<\/option><option value=\"6\">6<\/option><option value=\"7\">7<\/option><option value=\"8\">8<\/option><\/select><\/span><\/label>\n            <\/div>\n<div class=\"one-third column child-field\">\n                <label> Nombre d\u2019enfants <span class=\"wpcf7-form-control-wrap child-num\"><select name=\"child-num\" class=\"wpcf7-form-control wpcf7-select\" aria-invalid=\"false\"><option value=\"\"><\/option><option value=\"1\">1<\/option><option value=\"2\">2<\/option><option value=\"3\">3<\/option><option value=\"4\">4<\/option><option value=\"5\">5<\/option><option value=\"6\">6<\/option><option value=\"7\">7<\/option><\/select><\/span><\/label>\n            <\/div>\n<div class=\"one-third column per-field\">\n                <label> Nombre de personnes (max.8)<\/label>\n            <\/div><\/div>\n<div class=\"one-second column\">\n<div class=\"one-second column\">\n                <label> Lieu de prise en charge <span class=\"red-text\"><\/span> <span class=\"wpcf7-form-control-wrap meeting-point\"><select name=\"meeting-point\" class=\"wpcf7-form-control wpcf7-select\" aria-invalid=\"false\"><option value=\"\"><\/option><option value=\"Centre de La Can\u00e9e (Agora)\">Centre de La Can\u00e9e (Agora)<\/option><option value=\"Bateau de croisi\u00e8re (port de Souda)\">Bateau de croisi\u00e8re (port de Souda)<\/option><option value=\"H\u00f4tel, Villa, Maison ou autre\">H\u00f4tel, Villa, Maison ou autre<\/option><option value=\"Vieux port de La Can\u00e9e\">Vieux port de La Can\u00e9e<\/option><\/select><\/span><\/label>\n            <\/div>\n<div class=\"one-second column\">\n                <label> Remarques <span class=\"wpcf7-form-control-wrap other-location\"><input type=\"text\" name=\"other-location\" value=\"\" size=\"40\" class=\"wpcf7-form-control wpcf7-text\" aria-invalid=\"false\" placeholder=\"Nom de l&#039;h\u00f4tel, de la villa ou du navire\" \/><\/span><\/label>\n            <\/div><\/div><\/div>\n<div class=\"clearfix\">\n<div class=\"one-second column\">\n            <label> Dur\u00e9e <span class=\"wpcf7-form-control-wrap event-duration\"><select name=\"event-duration\" class=\"wpcf7-form-control wpcf7-select\" aria-invalid=\"false\"><option value=\"\"><\/option><option value=\"Journ\u00e9e compl\u00e8te\">Journ\u00e9e compl\u00e8te<\/option><option value=\"Demi-journ\u00e9e\">Demi-journ\u00e9e<\/option><option value=\"Quelques heures\">Quelques heures<\/option><\/select><\/span><\/label>\n        <\/div>\n<div class=\"one-second column\">\n            <label> Niveau en randonn\u00e9e <span class=\"wpcf7-form-control-wrap fitness-lvl\"><select name=\"fitness-lvl\" class=\"wpcf7-form-control wpcf7-select\" aria-invalid=\"false\"><option value=\"\"><\/option><option value=\"faible\">faible<\/option><option value=\"normal\">normal<\/option><option value=\"\u00e9lev\u00e9\">\u00e9lev\u00e9<\/option><\/select><\/span><\/label>\n        <\/div><\/div>\n<div class=\"clearfix\">\n<div class=\"one-second column\">\n            <label> Centres d\u2019int\u00e9r\u00eats: <span class=\"wpcf7-form-control-wrap checkbox-group\"><span class=\"wpcf7-form-control wpcf7-checkbox\"><span class=\"wpcf7-list-item first\"><input type=\"checkbox\" name=\"checkbox-group[]\" value=\"Nature\" \/><span class=\"wpcf7-list-item-label\">Nature<\/span><\/span><span class=\"wpcf7-list-item\"><input type=\"checkbox\" name=\"checkbox-group[]\" value=\"Montagnes\" \/><span class=\"wpcf7-list-item-label\">Montagnes<\/span><\/span><span class=\"wpcf7-list-item\"><input type=\"checkbox\" name=\"checkbox-group[]\" value=\"Mer\" \/><span class=\"wpcf7-list-item-label\">Mer<\/span><\/span><span class=\"wpcf7-list-item\"><input type=\"checkbox\" name=\"checkbox-group[]\" value=\"Villes\" \/><span class=\"wpcf7-list-item-label\">Villes<\/span><\/span><span class=\"wpcf7-list-item\"><input type=\"checkbox\" name=\"checkbox-group[]\" value=\"Gastronomie\" \/><span class=\"wpcf7-list-item-label\">Gastronomie<\/span><\/span><span class=\"wpcf7-list-item\"><input type=\"checkbox\" name=\"checkbox-group[]\" value=\"Art et Musique\" \/><span class=\"wpcf7-list-item-label\">Art et Musique<\/span><\/span><span class=\"wpcf7-list-item\"><input type=\"checkbox\" name=\"checkbox-group[]\" value=\"Vin et spiritueux\" \/><span class=\"wpcf7-list-item-label\">Vin et spiritueux<\/span><\/span><span class=\"wpcf7-list-item\"><input type=\"checkbox\" name=\"checkbox-group[]\" value=\"Mythologie et histoire ancienne\" \/><span class=\"wpcf7-list-item-label\">Mythologie et histoire ancienne<\/span><\/span><span class=\"wpcf7-list-item\"><input type=\"checkbox\" name=\"checkbox-group[]\" value=\"Seconde guerre mondiale\" \/><span class=\"wpcf7-list-item-label\">Seconde guerre mondiale<\/span><\/span><span class=\"wpcf7-list-item\"><input type=\"checkbox\" name=\"checkbox-group[]\" value=\"Architecture\" \/><span class=\"wpcf7-list-item-label\">Architecture<\/span><\/span><span class=\"wpcf7-list-item\"><input type=\"checkbox\" name=\"checkbox-group[]\" value=\"Religion\" \/><span class=\"wpcf7-list-item-label\">Religion<\/span><\/span><span class=\"wpcf7-list-item\"><input type=\"checkbox\" name=\"checkbox-group[]\" value=\"Activit\u00e9s de plein-air \/ Sports\" \/><span class=\"wpcf7-list-item-label\">Activit\u00e9s de plein-air \/ Sports<\/span><\/span><span class=\"wpcf7-list-item last\"><input type=\"checkbox\" name=\"checkbox-group[]\" value=\"Observation des oiseaux\" \/><span class=\"wpcf7-list-item-label\">Observation des oiseaux<\/span><\/span><\/span><\/span><\/label><br \/>\n            <label> Souhaits particuliers : <span class=\"wpcf7-form-control-wrap checkbox-needs\"><span class=\"wpcf7-form-control wpcf7-checkbox\"><span class=\"wpcf7-list-item first\"><input type=\"checkbox\" name=\"checkbox-needs[]\" value=\"Handicap\" \/><span class=\"wpcf7-list-item-label\">Handicap<\/span><\/span><span class=\"wpcf7-list-item\"><input type=\"checkbox\" name=\"checkbox-needs[]\" value=\"Allergies\" \/><span class=\"wpcf7-list-item-label\">Allergies<\/span><\/span><span class=\"wpcf7-list-item\"><input type=\"checkbox\" name=\"checkbox-needs[]\" value=\"V\u00e9g\u00e9tarien\" \/><span class=\"wpcf7-list-item-label\">V\u00e9g\u00e9tarien<\/span><\/span><span class=\"wpcf7-list-item last\"><input type=\"checkbox\" name=\"checkbox-needs[]\" value=\"Vegan\" \/><span class=\"wpcf7-list-item-label\">Vegan<\/span><\/span><\/span><\/span><\/label>\n        <\/div>\n<div class=\"one-second column\">\n            <label> Message <span class=\"wpcf7-form-control-wrap your-message\"><textarea name=\"your-message\" cols=\"40\" rows=\"10\" class=\"wpcf7-form-control wpcf7-textarea\" aria-invalid=\"false\" placeholder=\"Ecrivez-nous toutes vos questions et souhaits. Vous pouvez aussi nous donner plus d\u2019informations \u00e0 votre sujet. Par exemple, votre situation exacte, ou toute autre demande particuli\u00e8re sur des adaptations dans les circuits propos\u00e9s, \u00e2ge des enfants, etc\u2026 Nous serons heureux de revenir vers vous rapidement pour adapter et confirmer par mail.\"><\/textarea><\/span><\/label>\n        <\/div><\/div>\n<p>    <!--\n<div class=\"clearfix\">\n        <span class=\"distance-from\">(*) max. pickup-point distance from Chania area: 25km<\/span>\n    <\/div>\n<p> --><\/p>\n<div class=\"clearfix\">\n<div class=\"form-acceptance\">\n            <span class=\"wpcf7-form-control-wrap acceptance-576\"><span class=\"wpcf7-form-control wpcf7-acceptance\"><span class=\"wpcf7-list-item\"><label><input type=\"checkbox\" name=\"acceptance-576\" value=\"1\" aria-invalid=\"false\" \/><span class=\"wpcf7-list-item-label\">J\u2019accepte que les donn\u00e9es fournies puissent \u00eatre trait\u00e9es \u00e9lectroniquement, stock\u00e9es et utilis\u00e9es par Crete Private Guide, seulement dans le cadre de ma demande. Plus d\u2019informations sont disponibles dans les <a href=\"https:\/\/www.creteprivateguide.com\/fr\/conditions-de-vente\/\">Conditions de vente<\/a>.<\/span><\/label><\/span><\/span><\/span>\n        <\/div><\/div>\n<div class=\"clearfix\">\n<div class=\"one column form-btn\">\n            <input type=\"submit\" value=\"Envoyer\" class=\"wpcf7-form-control wpcf7-submit\" \/>\n        <\/div><\/div>\n<\/div>\n<\/div>\n<div class=\"inv-recaptcha-holder\"><\/div><div class=\"wpcf7-response-output wpcf7-display-none\"><\/div><\/form><\/div>[\/vc_column][\/vc_row]<\/p>\n","protected":false},"excerpt":{"rendered":"<p>[vc_row css=&#8221;.vc_custom_1570007053441{margin-top: 30px !important;margin-bottom: 30px !important;}&#8221;][vc_column][\/vc_column][\/vc_row][vc_row full_width=&#8221;stretch_row_content&#8221; disable_element=&#8221;yes&#8221; css=&#8221;.vc_custom_1580212341747{margin-top: 0px !important;padding-top: 320px !important;padding-bottom: 320px !important;background-image: url(https:\/\/www.creteprivateguide.com\/wp-content\/uploads\/2020\/01\/creteprivate-personalized-FR.png?id=1409) !important;background-position: center !important;background-repeat: no-repeat !important;background-size: contain !important;}&#8221; el_class=&#8221;pers-background-row&#8221;][vc_column offset=&#8221;vc_hidden-md vc_hidden-sm<span class=\"excerpt-hellip\"> [\u2026]<\/span><\/p>\n","protected":false},"author":1,"featured_media":0,"parent":0,"menu_order":0,"comment_status":"closed","ping_status":"closed","template":"","meta":{"_seopress_robots_primary_cat":"","_seopress_titles_title":"","_seopress_titles_desc":"","_seopress_robots_index":"","footnotes":""},"class_list":["post-1002","page","type-page","status-publish","hentry"],"_links":{"self":[{"href":"https:\/\/www.creteprivateguide.com\/fr\/wp-json\/wp\/v2\/pages\/1002","targetHints":{"allow":["GET"]}}],"collection":[{"href":"https:\/\/www.creteprivateguide.com\/fr\/wp-json\/wp\/v2\/pages"}],"about":[{"href":"https:\/\/www.creteprivateguide.com\/fr\/wp-json\/wp\/v2\/types\/page"}],"author":[{"embeddable":true,"href":"https:\/\/www.creteprivateguide.com\/fr\/wp-json\/wp\/v2\/users\/1"}],"replies":[{"embeddable":true,"href":"https:\/\/www.creteprivateguide.com\/fr\/wp-json\/wp\/v2\/comments?post=1002"}],"version-history":[{"count":0,"href":"https:\/\/www.creteprivateguide.com\/fr\/wp-json\/wp\/v2\/pages\/1002\/revisions"}],"wp:attachment":[{"href":"https:\/\/www.creteprivateguide.com\/fr\/wp-json\/wp\/v2\/media?parent=1002"}],"curies":[{"name":"wp","href":"https:\/\/api.w.org\/{rel}","templated":true}]}}